{"id":56341,"date":"2022-03-13T10:06:52","date_gmt":"2022-03-13T09:06:52","guid":{"rendered":"https:\/\/dutchdakota.nl\/ueber-die-dda\/wartung\/"},"modified":"2022-07-31T09:52:35","modified_gmt":"2022-07-31T07:52:35","slug":"wartung","status":"publish","type":"page","link":"https:\/\/dutchdakota.nl\/de\/ueber-die-dda\/wartung\/","title":{"rendered":"Wartung"},"content":{"rendered":"<h2>Wartung<\/h2>\n<p>Die Wartung wird unter der Aufsicht von Hangar One von erfahrenen und zertifizierten Freiwilligen der DDA in \u00dcbereinstimmung mit den geltenden Vorschriften und Anweisungen der Umwelt- und Verkehrsinspektion (IL&amp;T) des Ministeriums f\u00fcr Infrastruktur und Umwelt durchgef\u00fchrt.<\/p>\n<p>Dem DDA-Team aus enthusiastischen Technikern gelingt es, dieses Juwel aus der Vergangenheit, die Grand Old Lady, wie unsere DC-3 liebevoll genannt wird, in einem flugf\u00e4higen Zustand zu halten, so dass sie zwischen 100 und 150 Stunden im Jahr geflogen werden kann. Von April bis Oktober werden fast jedes Wochenende Fl\u00fcge organisiert.<\/p>\n<p>Im Winter 2016\/2017 wurde die PBA einer E-Inspektion unterzogen. Dies ist die gr\u00f6\u00dfte Inspektion, die es gibt, und sollte alle sechs Jahre durchgef\u00fchrt werden. Neben dem obligatorischen Vorflugcheck f\u00fcr jeden Flug werden im Hangar auch die A-, B- und C-Inspektionen durchgef\u00fchrt. Diese dauern 3 Tage, 14 Tage bzw. 6 Wochen und werden nach einem engen Zeitplan durchgef\u00fchrt.<\/p>\n<p>Techniker mit Luftfahrterfahrung sind bei der DDA immer willkommen, um unser Team von Freiwilligen zu verst\u00e4rken. Enthusiasten sind bei den verschiedenen Inspektionen und Vorfl\u00fcgen, aber auch bei der Handhabung herzlich willkommen.<\/p>\n<p>Wenn Sie sich f\u00fcr unsere Aktivit\u00e4ten begeistern k\u00f6nnen und daran teilnehmen m\u00f6chten, wenden Sie sich bitte an das <a href=\"https:\/\/www.dutchdakota.nl\/nl\/contact\/\" target=\"_blank\" rel=\"noopener\">Sekretariat <\/a>oder schicken Sie <a href=\"mailto:info@ddagroup.nl\" target=\"_blank\" rel=\"noopener\">eine E-Mail<\/a>.<\/p>\n","protected":false},"excerpt":{"rendered":"<p>Wartung Die Wartung wird unter der Aufsicht von Hangar One von erfahrenen und zertifizierten Freiwilligen der DDA in \u00dcbereinstimmung mit den geltenden Vorschriften und Anweisungen der Umwelt- und Verkehrsinspektion (IL&amp;T) des Ministeriums f\u00fcr Infrastruktur und Umwelt durchgef\u00fchrt. Dem DDA-Team aus enthusiastischen Technikern gelingt es, dieses Juwel aus der Vergangenheit, die Grand Old Lady, wie unsere&hellip;<\/p>\n","protected":false},"author":3,"featured_media":0,"parent":56308,"menu_order":0,"comment_status":"closed","ping_status":"closed","template":"","meta":{"footnotes":""},"class_list":["post-56341","page","type-page","status-publish","hentry","description-off"],"yoast_head":"<!-- This site is optimized with the Yoast SEO plugin v27.6 - https:\/\/yoast.com\/product\/yoast-seo-wordpress\/ -->\n<title>Wartung - DDA Classic Airlines<\/title>\n<meta name=\"robots\" content=\"index, follow, max-snippet:-1, max-image-preview:large, max-video-preview:-1\" \/>\n<link rel=\"canonical\" href=\"https:\/\/dutchdakota.nl\/de\/ueber-die-dda\/wartung\/\" \/>\n<meta property=\"og:locale\" content=\"de_DE\" \/>\n<meta property=\"og:type\" content=\"article\" \/>\n<meta property=\"og:title\" content=\"Wartung - DDA Classic Airlines\" \/>\n<meta property=\"og:description\" content=\"Wartung Die Wartung wird unter der Aufsicht von Hangar One von erfahrenen und zertifizierten Freiwilligen der DDA in \u00dcbereinstimmung mit den geltenden Vorschriften und Anweisungen der Umwelt- und Verkehrsinspektion (IL&amp;T) des Ministeriums f\u00fcr Infrastruktur und Umwelt durchgef\u00fchrt. Dem DDA-Team aus enthusiastischen Technikern gelingt es, dieses Juwel aus der Vergangenheit, die Grand Old Lady, wie unsere&hellip;\" \/>\n<meta property=\"og:url\" content=\"https:\/\/dutchdakota.nl\/de\/ueber-die-dda\/wartung\/\" \/>\n<meta property=\"og:site_name\" content=\"DDA Classic Airlines\" \/>\n<meta property=\"article:modified_time\" content=\"2022-07-31T07:52:35+00:00\" \/>\n<meta name=\"twitter:card\" content=\"summary_large_image\" \/>\n<meta name=\"twitter:label1\" content=\"Gesch\u00e4tzte Lesezeit\" \/>\n\t<meta name=\"twitter:data1\" content=\"1\u00a0Minute\" \/>\n<script type=\"application\/ld+json\" class=\"yoast-schema-graph\">{\"@context\":\"https:\\\/\\\/schema.org\",\"@graph\":[{\"@type\":\"WebPage\",\"@id\":\"https:\\\/\\\/dutchdakota.nl\\\/de\\\/ueber-die-dda\\\/wartung\\\/\",\"url\":\"https:\\\/\\\/dutchdakota.nl\\\/de\\\/ueber-die-dda\\\/wartung\\\/\",\"name\":\"Wartung - DDA Classic Airlines\",\"isPartOf\":{\"@id\":\"https:\\\/\\\/new.dutchdakota.nl\\\/de\\\/#website\"},\"datePublished\":\"2022-03-13T09:06:52+00:00\",\"dateModified\":\"2022-07-31T07:52:35+00:00\",\"breadcrumb\":{\"@id\":\"https:\\\/\\\/dutchdakota.nl\\\/de\\\/ueber-die-dda\\\/wartung\\\/#breadcrumb\"},\"inLanguage\":\"de\",\"potentialAction\":[{\"@type\":\"ReadAction\",\"target\":[\"https:\\\/\\\/dutchdakota.nl\\\/de\\\/ueber-die-dda\\\/wartung\\\/\"]}]},{\"@type\":\"BreadcrumbList\",\"@id\":\"https:\\\/\\\/dutchdakota.nl\\\/de\\\/ueber-die-dda\\\/wartung\\\/#breadcrumb\",\"itemListElement\":[{\"@type\":\"ListItem\",\"position\":1,\"name\":\"Home\",\"item\":\"https:\\\/\\\/dutchdakota.nl\\\/de\\\/heim\\\/\"},{\"@type\":\"ListItem\",\"position\":2,\"name\":\"\u00dcber die DDA\",\"item\":\"https:\\\/\\\/new.dutchdakota.nl\\\/de\\\/?page_id=56308\"},{\"@type\":\"ListItem\",\"position\":3,\"name\":\"Wartung\"}]},{\"@type\":\"WebSite\",\"@id\":\"https:\\\/\\\/new.dutchdakota.nl\\\/de\\\/#website\",\"url\":\"https:\\\/\\\/new.dutchdakota.nl\\\/de\\\/\",\"name\":\"DDA Classic Airlines\",\"description\":\"Dutch Dakota Association\",\"potentialAction\":[{\"@type\":\"SearchAction\",\"target\":{\"@type\":\"EntryPoint\",\"urlTemplate\":\"https:\\\/\\\/new.dutchdakota.nl\\\/de\\\/?s={search_term_string}\"},\"query-input\":{\"@type\":\"PropertyValueSpecification\",\"valueRequired\":true,\"valueName\":\"search_term_string\"}}],\"inLanguage\":\"de\"}]}<\/script>\n<!-- \/ Yoast SEO plugin. -->","yoast_head_json":{"title":"Wartung - DDA Classic Airlines","robots":{"index":"index","follow":"follow","max-snippet":"max-snippet:-1","max-image-preview":"max-image-preview:large","max-video-preview":"max-video-preview:-1"},"canonical":"https:\/\/dutchdakota.nl\/de\/ueber-die-dda\/wartung\/","og_locale":"de_DE","og_type":"article","og_title":"Wartung - DDA Classic Airlines","og_description":"Wartung Die Wartung wird unter der Aufsicht von Hangar One von erfahrenen und zertifizierten Freiwilligen der DDA in \u00dcbereinstimmung mit den geltenden Vorschriften und Anweisungen der Umwelt- und Verkehrsinspektion (IL&amp;T) des Ministeriums f\u00fcr Infrastruktur und Umwelt durchgef\u00fchrt. Dem DDA-Team aus enthusiastischen Technikern gelingt es, dieses Juwel aus der Vergangenheit, die Grand Old Lady, wie unsere&hellip;","og_url":"https:\/\/dutchdakota.nl\/de\/ueber-die-dda\/wartung\/","og_site_name":"DDA Classic Airlines","article_modified_time":"2022-07-31T07:52:35+00:00","twitter_card":"summary_large_image","twitter_misc":{"Gesch\u00e4tzte Lesezeit":"1\u00a0Minute"},"schema":{"@context":"https:\/\/schema.org","@graph":[{"@type":"WebPage","@id":"https:\/\/dutchdakota.nl\/de\/ueber-die-dda\/wartung\/","url":"https:\/\/dutchdakota.nl\/de\/ueber-die-dda\/wartung\/","name":"Wartung - DDA Classic Airlines","isPartOf":{"@id":"https:\/\/new.dutchdakota.nl\/de\/#website"},"datePublished":"2022-03-13T09:06:52+00:00","dateModified":"2022-07-31T07:52:35+00:00","breadcrumb":{"@id":"https:\/\/dutchdakota.nl\/de\/ueber-die-dda\/wartung\/#breadcrumb"},"inLanguage":"de","potentialAction":[{"@type":"ReadAction","target":["https:\/\/dutchdakota.nl\/de\/ueber-die-dda\/wartung\/"]}]},{"@type":"BreadcrumbList","@id":"https:\/\/dutchdakota.nl\/de\/ueber-die-dda\/wartung\/#breadcrumb","itemListElement":[{"@type":"ListItem","position":1,"name":"Home","item":"https:\/\/dutchdakota.nl\/de\/heim\/"},{"@type":"ListItem","position":2,"name":"\u00dcber die DDA","item":"https:\/\/new.dutchdakota.nl\/de\/?page_id=56308"},{"@type":"ListItem","position":3,"name":"Wartung"}]},{"@type":"WebSite","@id":"https:\/\/new.dutchdakota.nl\/de\/#website","url":"https:\/\/new.dutchdakota.nl\/de\/","name":"DDA Classic Airlines","description":"Dutch Dakota Association","potentialAction":[{"@type":"SearchAction","target":{"@type":"EntryPoint","urlTemplate":"https:\/\/new.dutchdakota.nl\/de\/?s={search_term_string}"},"query-input":{"@type":"PropertyValueSpecification","valueRequired":true,"valueName":"search_term_string"}}],"inLanguage":"de"}]}},"_links":{"self":[{"href":"https:\/\/dutchdakota.nl\/de\/wp-json\/wp\/v2\/pages\/56341","targetHints":{"allow":["GET"]}}],"collection":[{"href":"https:\/\/dutchdakota.nl\/de\/wp-json\/wp\/v2\/pages"}],"about":[{"href":"https:\/\/dutchdakota.nl\/de\/wp-json\/wp\/v2\/types\/page"}],"author":[{"embeddable":true,"href":"https:\/\/dutchdakota.nl\/de\/wp-json\/wp\/v2\/users\/3"}],"replies":[{"embeddable":true,"href":"https:\/\/dutchdakota.nl\/de\/wp-json\/wp\/v2\/comments?post=56341"}],"version-history":[{"count":0,"href":"https:\/\/dutchdakota.nl\/de\/wp-json\/wp\/v2\/pages\/56341\/revisions"}],"up":[{"embeddable":true,"href":"https:\/\/dutchdakota.nl\/de\/wp-json\/wp\/v2\/pages\/56308"}],"wp:attachment":[{"href":"https:\/\/dutchdakota.nl\/de\/wp-json\/wp\/v2\/media?parent=56341"}],"curies":[{"name":"wp","href":"https:\/\/api.w.org\/{rel}","templated":true}]}}