{"id":56515,"date":"2022-06-01T19:15:22","date_gmt":"2022-06-01T19:15:22","guid":{"rendered":"https:\/\/dutchdakota.nl\/haftungsausschluss\/"},"modified":"2022-06-06T14:17:40","modified_gmt":"2022-06-06T14:17:40","slug":"haftungsausschluss","status":"publish","type":"page","link":"https:\/\/dutchdakota.nl\/de\/haftungsausschluss\/","title":{"rendered":"Haftungsausschluss"},"content":{"rendered":"<div class=\"wpb-content-wrapper\"><p>[vc_row][vc_column][vc_column_text]<\/p>\n<h2>Haftungsausschluss f\u00fcr www.dutchdakota.nl<\/h2>\n<p>DDA Classic Airlines Foundation (Handelskammer Amsterdam Nr. 34060817), im Folgenden als DDA bezeichnet, gew\u00e4hrt Ihnen hiermit Zugang zur Website www.dutchdakota.nl.<\/p>\n<p>DDA ver\u00f6ffentlicht auf dieser Website Texte und Bilder zu <strong>Informationszwecken<\/strong> . DDA beh\u00e4lt sich das Recht vor, den Inhalt jederzeit ohne Vorank\u00fcndigung zu \u00e4ndern oder Teile zu entfernen. Die Informationen auf dieser Website sind unverbindlich und kein konkretes Angebot zum Abschluss eines Vertrages.<\/p>\n<h4>Beschr\u00e4nkte Haftung<\/h4>\n<p>DDA bem\u00fcht sich, den Inhalt von www.dutchdakota.nl aktuell und vollst\u00e4ndig zu halten. Trotz dieser Sorgfalt und Aufmerksamkeit ist es m\u00f6glich, dass der Inhalt unvollst\u00e4ndig und\/oder falsch ist.<\/p>\n<p>Die auf dieser Website angebotenen Informationen werden ohne jegliche Garantie oder Anspruch auf Richtigkeit bereitgestellt und unterliegen Tipp- und Programmierfehlern. DDA \u00fcbernimmt keine Haftung f\u00fcr die Folgen solcher Fehler. Aufgrund solcher Fehler kommt kein Vertrag zustande. DDA \u00fcbernimmt keine Haftung f\u00fcr Hyperlinks zu Websites oder Diensten Dritter, die auf www.dutchdakota.nl enthalten sind.<\/p>\n<h4>K\u00f6nigtum<\/h4>\n<p>Alle geistigen Eigentumsrechte bez\u00fcglich der Informationen auf www.dutchdakota.nl liegen bei DDA. Der Inhalt ist unter der niederl\u00e4ndischen Lizenz Creative-Commons Attribution 3.0 verf\u00fcgbar, sofern in bestimmten Materialien nicht anders angegeben.<\/p>\n<p>Es ist nicht gestattet, Webseiten oder einzelne Elemente (wie Bilder, Videos oder interaktive Anwendungen) von www.dutchdakota.nl in ein Frameset einzubinden oder sie \u00fcber einen Inline-Link auf einer anderen Webseite zu verarbeiten, wenn dies zu Verwechslungen f\u00fchren k\u00f6nnte Herkunft des Materials.[\/vc_column_text][\/vc_column][\/vc_row]<\/p>\n<\/div>","protected":false},"excerpt":{"rendered":"<p>[vc_row][vc_column][vc_column_text] Haftungsausschluss f\u00fcr www.dutchdakota.nl DDA Classic Airlines Foundation (Handelskammer Amsterdam Nr. 34060817), im Folgenden als DDA bezeichnet, gew\u00e4hrt Ihnen hiermit Zugang zur Website www.dutchdakota.nl. DDA ver\u00f6ffentlicht auf dieser Website Texte und Bilder zu Informationszwecken . DDA beh\u00e4lt sich das Recht vor, den Inhalt jederzeit ohne Vorank\u00fcndigung zu \u00e4ndern oder Teile zu entfernen. Die Informationen auf&hellip;<\/p>\n","protected":false},"author":2,"featured_media":0,"parent":0,"menu_order":0,"comment_status":"closed","ping_status":"closed","template":"","meta":{"footnotes":""},"class_list":["post-56515","page","type-page","status-publish","hentry","description-off"],"yoast_head":"<!-- This site is optimized with the Yoast SEO plugin v27.6 - https:\/\/yoast.com\/product\/yoast-seo-wordpress\/ -->\n<title>Haftungsausschluss - DDA Classic Airlines<\/title>\n<meta name=\"robots\" content=\"index, follow, max-snippet:-1, max-image-preview:large, max-video-preview:-1\" \/>\n<link rel=\"canonical\" href=\"https:\/\/dutchdakota.nl\/de\/haftungsausschluss\/\" \/>\n<meta property=\"og:locale\" content=\"de_DE\" \/>\n<meta property=\"og:type\" content=\"article\" \/>\n<meta property=\"og:title\" content=\"Haftungsausschluss - DDA Classic Airlines\" \/>\n<meta property=\"og:description\" content=\"[vc_row][vc_column][vc_column_text] Haftungsausschluss f\u00fcr www.dutchdakota.nl DDA Classic Airlines Foundation (Handelskammer Amsterdam Nr. 34060817), im Folgenden als DDA bezeichnet, gew\u00e4hrt Ihnen hiermit Zugang zur Website www.dutchdakota.nl. DDA ver\u00f6ffentlicht auf dieser Website Texte und Bilder zu Informationszwecken . DDA beh\u00e4lt sich das Recht vor, den Inhalt jederzeit ohne Vorank\u00fcndigung zu \u00e4ndern oder Teile zu entfernen. Die Informationen auf&hellip;\" \/>\n<meta property=\"og:url\" content=\"https:\/\/dutchdakota.nl\/de\/haftungsausschluss\/\" \/>\n<meta property=\"og:site_name\" content=\"DDA Classic Airlines\" \/>\n<meta property=\"article:modified_time\" content=\"2022-06-06T14:17:40+00:00\" \/>\n<meta name=\"twitter:card\" content=\"summary_large_image\" \/>\n<meta name=\"twitter:label1\" content=\"Gesch\u00e4tzte Lesezeit\" \/>\n\t<meta name=\"twitter:data1\" content=\"1\u00a0Minute\" \/>\n<script type=\"application\/ld+json\" class=\"yoast-schema-graph\">{\"@context\":\"https:\\\/\\\/schema.org\",\"@graph\":[{\"@type\":\"WebPage\",\"@id\":\"https:\\\/\\\/dutchdakota.nl\\\/de\\\/haftungsausschluss\\\/\",\"url\":\"https:\\\/\\\/dutchdakota.nl\\\/de\\\/haftungsausschluss\\\/\",\"name\":\"Haftungsausschluss - DDA Classic Airlines\",\"isPartOf\":{\"@id\":\"https:\\\/\\\/new.dutchdakota.nl\\\/de\\\/#website\"},\"datePublished\":\"2022-06-01T19:15:22+00:00\",\"dateModified\":\"2022-06-06T14:17:40+00:00\",\"breadcrumb\":{\"@id\":\"https:\\\/\\\/dutchdakota.nl\\\/de\\\/haftungsausschluss\\\/#breadcrumb\"},\"inLanguage\":\"de\",\"potentialAction\":[{\"@type\":\"ReadAction\",\"target\":[\"https:\\\/\\\/dutchdakota.nl\\\/de\\\/haftungsausschluss\\\/\"]}]},{\"@type\":\"BreadcrumbList\",\"@id\":\"https:\\\/\\\/dutchdakota.nl\\\/de\\\/haftungsausschluss\\\/#breadcrumb\",\"itemListElement\":[{\"@type\":\"ListItem\",\"position\":1,\"name\":\"Home\",\"item\":\"https:\\\/\\\/dutchdakota.nl\\\/de\\\/heim\\\/\"},{\"@type\":\"ListItem\",\"position\":2,\"name\":\"Haftungsausschluss\"}]},{\"@type\":\"WebSite\",\"@id\":\"https:\\\/\\\/new.dutchdakota.nl\\\/de\\\/#website\",\"url\":\"https:\\\/\\\/new.dutchdakota.nl\\\/de\\\/\",\"name\":\"DDA Classic Airlines\",\"description\":\"Dutch Dakota Association\",\"potentialAction\":[{\"@type\":\"SearchAction\",\"target\":{\"@type\":\"EntryPoint\",\"urlTemplate\":\"https:\\\/\\\/new.dutchdakota.nl\\\/de\\\/?s={search_term_string}\"},\"query-input\":{\"@type\":\"PropertyValueSpecification\",\"valueRequired\":true,\"valueName\":\"search_term_string\"}}],\"inLanguage\":\"de\"}]}<\/script>\n<!-- \/ Yoast SEO plugin. -->","yoast_head_json":{"title":"Haftungsausschluss - DDA Classic Airlines","robots":{"index":"index","follow":"follow","max-snippet":"max-snippet:-1","max-image-preview":"max-image-preview:large","max-video-preview":"max-video-preview:-1"},"canonical":"https:\/\/dutchdakota.nl\/de\/haftungsausschluss\/","og_locale":"de_DE","og_type":"article","og_title":"Haftungsausschluss - DDA Classic Airlines","og_description":"[vc_row][vc_column][vc_column_text] Haftungsausschluss f\u00fcr www.dutchdakota.nl DDA Classic Airlines Foundation (Handelskammer Amsterdam Nr. 34060817), im Folgenden als DDA bezeichnet, gew\u00e4hrt Ihnen hiermit Zugang zur Website www.dutchdakota.nl. DDA ver\u00f6ffentlicht auf dieser Website Texte und Bilder zu Informationszwecken . DDA beh\u00e4lt sich das Recht vor, den Inhalt jederzeit ohne Vorank\u00fcndigung zu \u00e4ndern oder Teile zu entfernen. Die Informationen auf&hellip;","og_url":"https:\/\/dutchdakota.nl\/de\/haftungsausschluss\/","og_site_name":"DDA Classic Airlines","article_modified_time":"2022-06-06T14:17:40+00:00","twitter_card":"summary_large_image","twitter_misc":{"Gesch\u00e4tzte Lesezeit":"1\u00a0Minute"},"schema":{"@context":"https:\/\/schema.org","@graph":[{"@type":"WebPage","@id":"https:\/\/dutchdakota.nl\/de\/haftungsausschluss\/","url":"https:\/\/dutchdakota.nl\/de\/haftungsausschluss\/","name":"Haftungsausschluss - DDA Classic Airlines","isPartOf":{"@id":"https:\/\/new.dutchdakota.nl\/de\/#website"},"datePublished":"2022-06-01T19:15:22+00:00","dateModified":"2022-06-06T14:17:40+00:00","breadcrumb":{"@id":"https:\/\/dutchdakota.nl\/de\/haftungsausschluss\/#breadcrumb"},"inLanguage":"de","potentialAction":[{"@type":"ReadAction","target":["https:\/\/dutchdakota.nl\/de\/haftungsausschluss\/"]}]},{"@type":"BreadcrumbList","@id":"https:\/\/dutchdakota.nl\/de\/haftungsausschluss\/#breadcrumb","itemListElement":[{"@type":"ListItem","position":1,"name":"Home","item":"https:\/\/dutchdakota.nl\/de\/heim\/"},{"@type":"ListItem","position":2,"name":"Haftungsausschluss"}]},{"@type":"WebSite","@id":"https:\/\/new.dutchdakota.nl\/de\/#website","url":"https:\/\/new.dutchdakota.nl\/de\/","name":"DDA Classic Airlines","description":"Dutch Dakota Association","potentialAction":[{"@type":"SearchAction","target":{"@type":"EntryPoint","urlTemplate":"https:\/\/new.dutchdakota.nl\/de\/?s={search_term_string}"},"query-input":{"@type":"PropertyValueSpecification","valueRequired":true,"valueName":"search_term_string"}}],"inLanguage":"de"}]}},"_links":{"self":[{"href":"https:\/\/dutchdakota.nl\/de\/wp-json\/wp\/v2\/pages\/56515","targetHints":{"allow":["GET"]}}],"collection":[{"href":"https:\/\/dutchdakota.nl\/de\/wp-json\/wp\/v2\/pages"}],"about":[{"href":"https:\/\/dutchdakota.nl\/de\/wp-json\/wp\/v2\/types\/page"}],"author":[{"embeddable":true,"href":"https:\/\/dutchdakota.nl\/de\/wp-json\/wp\/v2\/users\/2"}],"replies":[{"embeddable":true,"href":"https:\/\/dutchdakota.nl\/de\/wp-json\/wp\/v2\/comments?post=56515"}],"version-history":[{"count":0,"href":"https:\/\/dutchdakota.nl\/de\/wp-json\/wp\/v2\/pages\/56515\/revisions"}],"wp:attachment":[{"href":"https:\/\/dutchdakota.nl\/de\/wp-json\/wp\/v2\/media?parent=56515"}],"curies":[{"name":"wp","href":"https:\/\/api.w.org\/{rel}","templated":true}]}}